{"id":9,"date":"2017-06-07T11:05:20","date_gmt":"2017-06-07T09:05:20","guid":{"rendered":"https:\/\/sargasses.mio.osupytheas.fr\/?page_id=9"},"modified":"2017-10-24T00:11:59","modified_gmt":"2017-10-23T22:11:59","slug":"lexique","status":"publish","type":"page","link":"https:\/\/sargasses.mio.osupytheas.fr\/?page_id=9","title":{"rendered":"Lexique"},"content":{"rendered":"<p style=\"text-align: center;\"><em><strong><span style=\"font-weight: 400;\">Des termes un peu compliqu\u00e9s vous turlupinent ?<\/span><\/strong><\/em><\/p>\n<p style=\"text-align: center;\"><em><strong><span style=\"font-weight: 400;\">Pas de panique, prenez le temps de d\u00e9couvrir le jargon de l\u2019oc\u00e9anographie dans ce lexique&#8230;<\/span><\/strong><\/em><\/p>\n<p>&nbsp;<\/p>\n<h1 style=\"text-align: center;\">A<\/h1>\n<p><u>ALIZ\u00c9<\/u> : Vent r\u00e9gulier des r\u00e9gions intertropicales, il souffle d&#8217;est en ouest de fa\u00e7on r\u00e9guli\u00e8re.<\/p>\n<p><u>ANTHOZOAIRES<\/u>\u00a0: Les anthozoaires font parie de la famille des cnidaires et regroupent des animaux marins tr\u00e8s connus comme les an\u00e9mones de mer, les coraux durs et les coraux mous.<\/p>\n<h1 style=\"text-align: center;\">B<\/h1>\n<p><u>BENTHIQUE<\/u> :\u00a0Organismes (animaux ou v\u00e9g\u00e9taux) fix\u00e9s au fond des mers.<\/p>\n<h1 style=\"text-align: center;\">C<\/h1>\n<p><u>COLONNE DE FILTRATION<\/u> : Colonne permettant d&#8217;isoler et de purifier un \u00e9l\u00e9ment dans un \u00e9chantillon liquide.<\/p>\n<p><u>CTD<\/u> : Conductivity Temperature Depth, sonde situ\u00e9e au centre d&#8217;une <a href=\"https:\/\/sargasses.mio.osupytheas.fr\/index.php\/boite-a-outils\/\" target=\"_blank\" rel=\"noopener\">rosette<\/a> qui permet d\u2019obtenir la conductivit\u00e9 (salinit\u00e9), la temp\u00e9rature ainsi que la profondeur de toute la colonne d\u2019eau pendant la descente.<\/p>\n<p><u>CYTOM\u00c9TRIE EN FLUX<\/u> : Technique pour classer et trier des particules (particules isol\u00e9s, cellules ou bact\u00e9ries) en suspension dans un liquide.<\/p>\n<h1 style=\"text-align: center;\">D<\/h1>\n<p><u>DIAZOTROPHIE<\/u> :\u00a0 Processus de fixation biologique de l&#8217;azote gazeux permettant \u00e0 un organisme de produire des prot\u00e9ines.<\/p>\n<h1 style=\"text-align: center;\">E<\/h1>\n<p><u>\u00c9COPHYSIOLOGIE<\/u> : Science qui\u00a0\u00e9tudie les effets des facteurs environnementaux sur\u00a0le\u00a0fonctionnement des \u00eatres vivants.<\/p>\n<h1 style=\"text-align: center;\">F<\/h1>\n<p><u>FILET P\u00c9LAGIQUE<\/u> : Filet remorqu\u00e9 qui \u00e9volue en pleine eau, entre la surface et le fond.<\/p>\n<p><u>FILET MANTA<\/u> : Filet dont les mailles sont calibr\u00e9es \u00e0 0,3 mm. Il capture le necton (oppos\u00e9 au plancton cesont des organismes pouvent nager contre le courant comme les poissons, certains crustac\u00e9s&#8230;), le plancton et les micro-particules plastiques jusqu&#8217;\u00e0 cette taille.<\/p>\n<p>&nbsp;<\/p>\n<h1 style=\"text-align: center;\">G<\/h1>\n<p><u>GYRE<\/u> : Un gyre oc\u00e9anique (gyre : du grec \u00ab rotation \u00bb) est un gigantesque tourbillon d&#8217;eau oc\u00e9anique form\u00e9 d&#8217;un ensemble de courants marins. Ces vortex sont provoqu\u00e9s par la force de Coriolis.<\/p>\n<h1 style=\"text-align: center;\">H<\/h1>\n<p><u>HALOPHYTES<\/u> : V\u00e9g\u00e9taux (plante ou algue ) vivant dans une eau sur-sal\u00e9e ou sur un sol sal\u00e9.<\/p>\n<p><u>HYDROBIOLOGISTE<\/u> : Sp\u00e9cialiste de la biologie des \u00eatres vivants aquatiques.<span class=\"nbsp1\">\u00a0<\/span><\/p>\n<h1 style=\"text-align: center;\">I<\/h1>\n<p><u>ICTHYOLOGIE<\/u> : Science qui \u00e9tudie les poissons.<\/p>\n<h1 style=\"text-align: center;\">L<\/h1>\n<p><u>LEG<\/u> : Partie de la mission comprise entre deux escales.<\/p>\n<h1 style=\"text-align: center;\">M<\/h1>\n<p><u>MACROPHYTES<\/u>\u00a0: Ensemble des algues visibles \u00e0 l\u2019\u0153il nu.<\/p>\n<p><u>MICROPHYTES<\/u> : V\u00e9g\u00e9taux microscopiques, souvent unicellulaires pr\u00e9sents dans les milieux aquatiques (eau douce et eau de mer).<\/p>\n<h1 style=\"text-align: center;\">N<\/h1>\n<p><u>NASSE<\/u> : Pi\u00e8ge destin\u00e9 \u00e0 \u00eatre immerg\u00e9, pour capturer des animaux, ici des poissons.<\/p>\n<p><u>NEUSTON<\/u> : D\u00e9signe l&#8217;ensemble des organismes vivants \u00e0 la surface de l&#8217;eau.<\/p>\n<h1 style=\"text-align: center;\">O<\/h1>\n<p><u>OLIGOTROPHE<\/u> : Un milieu oligotrophe, est le contraire d&#8217;un milieu eutrophe. C&#8217;est un milieu particuli\u00e8rement pauvre en \u00e9l\u00e9ments nutritifs.<\/p>\n<h1 style=\"text-align: center;\">P<\/h1>\n<p><u>P\u00c9LAGIQUE<\/u> :\u00a0Organismes (animaux ou v\u00e9g\u00e9taux) qui ne sont pas fix\u00e9s au fond des mers.<\/p>\n<p><u>PHYCOLOGUE<\/u>\u00a0: <span class=\"tlf_cdefinition\">Botaniste sp\u00e9cialis\u00e9(e) dans l&#8217;\u00e9tude des Algues.<\/span><\/p>\n<p><u>PHYLOG\u00c9NIE<\/u>\u00a0: <span class=\"_Tgc\">\u00c9tude des relations de parent\u00e9 entre \u00eatres vivants.<\/span><\/p>\n<p><u>PHYLLOSOME<\/u> :\u00a0Larves planctoniques des langoustes et des cigales de mer<\/p>\n<p><u>PICOPLANCTON<\/u> : Plancton dont la taille est comprise entre 0,2 et 2 \u03bcm (microm\u00e8tre).<\/p>\n<p><u>PLANCTON<\/u> : Ensemble des organismes (v\u00e9g\u00e9taux et animaux) qui flottent librement et passivement au gr\u00e9 des courants. Leur taille peut varier de 0,2\u03bcm \u00e0 plusieurs m\u00e8tres.<\/p>\n<h1 style=\"text-align: center;\">R<\/h1>\n<p><u>R\u00c9FLECTANCE<\/u> : Proportion de lumi\u00e8re r\u00e9fl\u00e9chie par la surface d&#8217;un mat\u00e9riau, ici par la surface des algues.<\/p>\n<p><u>R\u00c9SEAU TROPHIQUE<\/u>\u00a0: Cha\u00eene alimentaire.<\/p>\n<h1 style=\"text-align: center;\">S<\/h1>\n<p><u>STATION HYDROLOGIQUE<\/u> : Point d&#8217;arr\u00eat o\u00f9 l&#8217;\u00e9quipage pr\u00e9l\u00e8ve des \u00e9chantillons d&#8217;eau gr\u00e2ce \u00e0 la rosette \u00e9quip\u00e9e de plusieurs bouteilles Niskin, <a href=\"https:\/\/sargasses.mio.osupytheas.fr\/index.php\/boite-a-outils\/\" target=\"_blank\" rel=\"noopener\">pour plus d&#8217;informations<\/a>.<\/p>\n<h1 style=\"text-align: center;\">T<\/h1>\n<p><u>TAXONOMIE<\/u> : <span class=\"_Tgc\">Discipline faisant partie de la biologie, elle a pour objet de d\u00e9crire les organismes vivants et de les regrouper en entit\u00e9s appel\u00e9es taxons afin de les identifier, les nommer,les classer et les reconnaitre via des cl\u00e9s de d\u00e9termination.<\/span><\/p>\n<p><u>TAXONOMISTE<\/u>\u00a0: Sp\u00e9cialiste de la classification des \u00eatres vivants.<span id=\"ID0E4B\"><\/span><\/p>\n<p><u>T\u00c9L\u00c9D\u00c9TECTION<\/u> : Ensemble des appareils et des techniques\u00a0qui engendrent des images satellites ou a\u00e9riennes afin d&#8217;observer la surface terrestre.<\/p>\n<h1 style=\"text-align: center;\">V<\/h1>\n<p><u>VIDE DE MAILLE<\/u> : Cela correspond au vide \u00e0 l&#8217;int\u00e9rieur d&#8217;une maille du filet.<\/p>\n<h1 style=\"text-align: center;\">Z<\/h1>\n<p><u>ZEE<\/u> : Une Zone \u00c9conomique Exclusive est un espace maritime sur lequel un \u00c9tat c\u00f4tier exerce des droits souverains en mati\u00e8re d&#8217;exploration et d&#8217;usage des ressources.<\/p>\n","protected":false},"excerpt":{"rendered":"<p>Des termes un peu compliqu\u00e9s vous turlupinent ? Pas de panique, prenez le temps de d\u00e9couvrir le jargon de l\u2019oc\u00e9anographie dans ce lexique&#8230; &nbsp; A ALIZ\u00c9 : Vent r\u00e9gulier des r\u00e9gions intertropicales, il souffle d&#8217;est en ouest de fa\u00e7on r\u00e9guli\u00e8re. ANTHOZOAIRES\u00a0: Les anthozoaires font parie de la famille des cnidaires et regroupent des animaux marins tr\u00e8s connus comme les an\u00e9mones de mer, les coraux durs et les coraux mous. B BENTHIQUE :\u00a0Organismes (animaux ou v\u00e9g\u00e9taux) fix\u00e9s au fond des mers&#8230;.<\/p>\n<p class=\"read-more\"><a class=\"btn btn-default\" href=\"https:\/\/sargasses.mio.osupytheas.fr\/?page_id=9\">Lire la suite<span class=\"screen-reader-text\"> Lire la suite<\/span><\/a><\/p>\n","protected":false},"author":3,"featured_media":0,"parent":0,"menu_order":0,"comment_status":"closed","ping_status":"closed","template":"","meta":{"jetpack_post_was_ever_published":false,"footnotes":""},"class_list":["post-9","page","type-page","status-publish","hentry"],"jetpack_sharing_enabled":true,"jetpack_shortlink":"https:\/\/wp.me\/P9eHwp-9","_links":{"self":[{"href":"https:\/\/sargasses.mio.osupytheas.fr\/index.php?rest_route=\/wp\/v2\/pages\/9","targetHints":{"allow":["GET"]}}],"collection":[{"href":"https:\/\/sargasses.mio.osupytheas.fr\/index.php?rest_route=\/wp\/v2\/pages"}],"about":[{"href":"https:\/\/sargasses.mio.osupytheas.fr\/index.php?rest_route=\/wp\/v2\/types\/page"}],"author":[{"embeddable":true,"href":"https:\/\/sargasses.mio.osupytheas.fr\/index.php?rest_route=\/wp\/v2\/users\/3"}],"replies":[{"embeddable":true,"href":"https:\/\/sargasses.mio.osupytheas.fr\/index.php?rest_route=%2Fwp%2Fv2%2Fcomments&post=9"}],"version-history":[{"count":54,"href":"https:\/\/sargasses.mio.osupytheas.fr\/index.php?rest_route=\/wp\/v2\/pages\/9\/revisions"}],"predecessor-version":[{"id":856,"href":"https:\/\/sargasses.mio.osupytheas.fr\/index.php?rest_route=\/wp\/v2\/pages\/9\/revisions\/856"}],"wp:attachment":[{"href":"https:\/\/sargasses.mio.osupytheas.fr\/index.php?rest_route=%2Fwp%2Fv2%2Fmedia&parent=9"}],"curies":[{"name":"wp","href":"https:\/\/api.w.org\/{rel}","templated":true}]}}