{"id":898,"date":"2017-06-24T21:45:43","date_gmt":"2017-06-24T19:45:43","guid":{"rendered":"https:\/\/sargasses.mio.osupytheas.fr\/?page_id=898"},"modified":"2017-06-26T14:22:47","modified_gmt":"2017-06-26T12:22:47","slug":"les-sargasses-depuis-lespace-officiel","status":"publish","type":"page","link":"https:\/\/sargasses.mio.osupytheas.fr\/?page_id=898","title":{"rendered":"Les Sargasses depuis l&#8217;Espace"},"content":{"rendered":"<p><em><span style=\"font-weight: 400;\">Comment traquer les Sargasses pour guider au mieux l\u2019exp\u00e9dition ? Par t\u00e9l\u00e9d\u00e9tection gr\u00e2ce aux capteurs embarqu\u00e9s sur les satellites orbitant autour de la Terre bien s\u00fbr ! Eh oui, il est aujourd\u2019hui possible d\u2019observer des algues depuis l\u2019espace\u00a0! Et \u00e0<\/span><span style=\"font-weight: 400;\">\u00a0bord du navire de la mission, c\u2019est <a href=\"https:\/\/sargasses.mio.osupytheas.fr\/index.php\/equipage\/\" target=\"_blank\" rel=\"noopener\">Anouck ODY<\/a> qui s\u2019occupe de les traquer \u00e0 partir des images satellites. <\/span><\/em><\/p>\n<h2><span style=\"font-weight: 400;\">La lumi\u00e8re, alli\u00e9e id\u00e9ale pour traquer les Sargasses<\/span><\/h2>\n<p><span style=\"font-weight: 400;\"> Des capteurs dits \u00abradiom\u00e9triques\u00bb install\u00e9s sur des satellites captent la lumi\u00e8re du Soleil r\u00e9fl\u00e9chie par la surface de la terre et des oc\u00e9ans. Quand le soleil envoie des rayons lumineux vers l\u2019oc\u00e9an, une partie est absorb\u00e9e par ce qu\u2019il y a \u00e0 la surface de l\u2019eau, et une autre partie est r\u00e9\u00e9mise vers l\u2019espace et capt\u00e9e par nos satellites. Par exemple, si un rayon solaire atteint une surface d\u2019eau limpide, l\u2019eau va absorber la partie rouge et infrarouge du spectre de ce rayon, et la partie renvoy\u00e9e vers l\u2019espace sera plut\u00f4t bleue. \u00c0 l&#8217;inverse, si le rayon touche un radeau de Sargasses, l\u2019algue va absorber la partie bleue du spectre et va renvoyer un fort rayonnement dans le rouge et l&#8217;infrarouge ! Pour d\u00e9tecter des Sargasses \u00e0 la surface des oc\u00e9ans, il suffit donc de rep\u00e9rer les zones o\u00f9 la partie rouge et infrarouge du spectre solaire r\u00e9fl\u00e9chi est importante par rapport au reste de l\u2019oc\u00e9an. \u00a0Il faut donc calculer l&#8217;intensit\u00e9 du rayonnement rouge et infrarouge de chaque pixel des photos satellites. Plus cette intensit\u00e9 sera \u00e9lev\u00e9e, plus il y aura de Sargasses dans la zone analys\u00e9e !<\/span><\/p>\n<figure id=\"attachment_899\" aria-describedby=\"caption-attachment-899\" style=\"width: 533px\" class=\"wp-caption aligncenter\"><img loading=\"lazy\" decoding=\"async\" class=\"wp-image-899\" src=\"https:\/\/sargasses.mio.osupytheas.fr\/wp-content\/uploads\/2017\/06\/sargasses-dep-espace-1-e1498219920457.png\" alt=\"\" width=\"533\" height=\"535\" srcset=\"https:\/\/sargasses.mio.osupytheas.fr\/wp-content\/uploads\/2017\/06\/sargasses-dep-espace-1-e1498219920457.png 640w, https:\/\/sargasses.mio.osupytheas.fr\/wp-content\/uploads\/2017\/06\/sargasses-dep-espace-1-e1498219920457-150x150.png 150w, https:\/\/sargasses.mio.osupytheas.fr\/wp-content\/uploads\/2017\/06\/sargasses-dep-espace-1-e1498219920457-300x300.png 300w, https:\/\/sargasses.mio.osupytheas.fr\/wp-content\/uploads\/2017\/06\/sargasses-dep-espace-1-e1498219920457-269x270.png 269w\" sizes=\"auto, (max-width: 533px) 100vw, 533px\" \/><figcaption id=\"caption-attachment-899\" class=\"wp-caption-text\">Cette image repr\u00e9sente le trajet des rayons lumineux \u00e9mis par le soleil, entrant en interaction avec les radeaux de Sargasses ou l\u2019eau, avant d\u2019\u00eatre r\u00e9fl\u00e9chi vers les satellites. \u00c0 noter : avant d&#8217;atteindre la surface de la Terre, les rayons lumineux traversent l\u2019atmosph\u00e8re o\u00f9 ils peuvent aussi \u00eatre absorb\u00e9s et diffus\u00e9s, ce qui peut compliquer la compr\u00e9hension du signal analys\u00e9&#8230; Image \u00a9 Anouck ODY<\/figcaption><\/figure>\n<p>&nbsp;<\/p>\n<h2><span style=\"font-weight: 400;\">Et pourquoi les regarder de l\u00e0-haut ?<\/span><\/h2>\n<p><span style=\"font-weight: 400;\">Observer les Sargasses avec les capteurs satellitaires permet de les traquer \u00a0sur une tr\u00e8s grande zone en m\u00eame temps, et m\u00eame dans des endroits difficiles d\u2019acc\u00e8s pour l\u2019homme, comme le milieu des oc\u00e9ans. Ils permettent ainsi d\u2019avoir une vision globale de la distribution des radeaux d\u2019algues dans l\u2019oc\u00e9an Atlantique presque chaque jour. La d\u00e9tection par satellite a toutefois un ennemi\u00a0: les nuages ! En effet, la couverture nuageuse peut parfois masquer une tr\u00e8s grande partie des radeaux. En revanche; \u00e0 l\u2019heure actuelle, les capteurs satellitaires d\u00e9di\u00e9s \u00e0 l\u2019observation de la terre et des oc\u00e9ans ont des r\u00e9solutions spatiales de plus en plus fines, allant jusqu&#8217;\u00e0 une dizaine de m\u00e8tres par pixel. Autant dire qu\u2019avec un peu de chance, \u00a0on pourra m\u00eame voir le navire Ant\u00e9a depuis l\u2019espace\u00a0!<\/span><\/p>\n<p><span style=\"font-weight: 400;\">Pendant la campagne, nous utiliserons principalement des images avec une r\u00e9solution moyenne de 1 km. Elles permettront de couvrir, chaque jours, l\u2019ensemble de la zone autour du bateau et faciliteront le rep\u00e9rage des lieux riches en Sargasses afin d\u2019y diriger le navire. Les images \u00e0 plus haute r\u00e9solution spatiale, qui sont plus rares mais plus pr\u00e9cises, pourront \u00eatre utilis\u00e9es pour mieux positionner le bateau et les pr\u00e9l\u00e8vements par rapport aux radeaux, pendant, mais aussi apr\u00e8s la campagne pour mieux interpr\u00e9ter les r\u00e9sultats. <\/span><\/p>\n<p><span style=\"font-weight: 400;\">D\u2019autre part, les satellites permettent \u00e9galement de mieux comprendre o\u00f9 et comment se forment les radeaux et de quelle fa\u00e7on ils \u00e9voluent et se d\u00e9placent par l&#8217;action combin\u00e9e du courant et du vent. Les radeaux se forment par agr\u00e9gation de l\u2019algue brune dans des zones de convergence, c\u2019est \u00e0 dire dans des zones o\u00f9 les courants et les vents \u00e0 la surface de l\u2019oc\u00e9an poussent les Sargasses les unes contre les autres. \u00a0Par observation satellitaire, on r\u00e9v\u00e8le que \u00a0les radeaux form\u00e9s sont souvent d\u00e9tect\u00e9s sous la forme de longues structures filamenteuses align\u00e9es avec les courants qui les transportent. \u00c0 plus petite \u00e9chelle, on peut m\u00eame observer les Sargasses s\u2019aligner en radeaux parall\u00e8les \u00e0 la direction du vent, ou bien s\u2019enrouler autour des tourbillons form\u00e9s par les courants. M\u00eame s\u2019il est difficile de suivre pr\u00e9cis\u00e9ment leur mouvement jours apr\u00e8s jours \u00e0 cause de la couverture nuageuse, on a d\u00e9j\u00e0 pu observer que les radeaux peuvent se d\u00e9placer de plusieurs kilom\u00e8tres en quelques heures dans les zones de forts courants. Gr\u00e2ce \u00e0 une meilleur compr\u00e9hension de la formation et du transport des radeaux par les courants, Anouck Ody pourra pr\u00e9voir le mouvement des algues, et leurs emplacement pour guider le bateau m\u00eame en cas de grosse couverture nuageuse. Cela permettra \u00e9galement de mieux comprendre la distribution et le transport des Sargasses dans l\u2019Atlantique et d\u2019expliquer et pr\u00e9voir leur pr\u00e9sence dans les Antilles. <\/span><\/p>\n<figure id=\"attachment_901\" aria-describedby=\"caption-attachment-901\" style=\"width: 1386px\" class=\"wp-caption alignnone\"><img loading=\"lazy\" decoding=\"async\" class=\"wp-image-901 size-full\" src=\"https:\/\/sargasses.mio.osupytheas.fr\/wp-content\/uploads\/2017\/06\/sargasses-dep-espace-2.png\" alt=\"\" width=\"1386\" height=\"1051\" srcset=\"https:\/\/sargasses.mio.osupytheas.fr\/wp-content\/uploads\/2017\/06\/sargasses-dep-espace-2.png 1386w, https:\/\/sargasses.mio.osupytheas.fr\/wp-content\/uploads\/2017\/06\/sargasses-dep-espace-2-300x227.png 300w, https:\/\/sargasses.mio.osupytheas.fr\/wp-content\/uploads\/2017\/06\/sargasses-dep-espace-2-768x582.png 768w, https:\/\/sargasses.mio.osupytheas.fr\/wp-content\/uploads\/2017\/06\/sargasses-dep-espace-2-1024x776.png 1024w, https:\/\/sargasses.mio.osupytheas.fr\/wp-content\/uploads\/2017\/06\/sargasses-dep-espace-2-356x270.png 356w\" sizes=\"auto, (max-width: 1386px) 100vw, 1386px\" \/><figcaption id=\"caption-attachment-901\" class=\"wp-caption-text\">Cartes de radeaux de Sargasses obtenues par satellites. \u00c0 gauche\u00a0: Les d\u00e9tections de Sargasses (en jaune) \u00e0 1 km de r\u00e9solution spatiale sont compar\u00e9es aux courants, eux-m\u00eames issus des satellites (les courants sont obtenus \u00e0 partir des donn\u00e9es d\u2019altim\u00e9tries mesur\u00e9es gr\u00e2ce aux radars embarqu\u00e9s sur les satellites). On peut observer que les radeaux sont souvent align\u00e9s avec les courants et \u00e9tir\u00e9s par ces derniers. Images obtenues gr\u00e2ce au \u00a0capteur MODIS \u00e0 bord du satellite TERRA. \u00c0 droite\u00a0: Gr\u00e2ce aux capteurs \u00e0 hautes r\u00e9solutions spatiales on peut observer avec d\u00e9tails la structure des radeaux. En haut, les Sargasses s\u2019alignent en de multiples radeaux tr\u00e8s fins et parall\u00e8les au vent. En bas, on peut observer les m\u00e9andres form\u00e9s par les radeaux entra\u00een\u00e9s par les courants. On distingue tr\u00e8s bien les Sargasses s\u2019enroulant autour des tourbillons ou s\u2019accumulant au centre de ces derniers. Images obtenues gr\u00e2ce aux capteurs OLCI et OLI respectivement \u00e0 bord des satellites \u00a0europ\u00e9en Sentinel-3 (300 m de r\u00e9solution spatiale) et am\u00e9ricain Landsat-8 (30 m de r\u00e9solution spatiale). Image \u00a9Anouck ODY<\/figcaption><\/figure>\n<h2><span style=\"font-weight: 400;\">D&#8217;autres informations apport\u00e9es par les satellites ?<\/span><\/h2>\n<p><span style=\"font-weight: 400;\">En plus des Sargasses et des courants, les satellites peuvent maintenant nous apporter de plus en plus de param\u00e8tres comme la temp\u00e9rature de l\u2019eau, la turbidit\u00e9 (un indicateur de la transparence de l\u2019eau), ou l&#8217;abondance de phytoplancton. Comparer ces param\u00e8tres avec la distribution des radeaux de Sargasses peut nous aider \u00e0 mieux comprendre quelles sont les conditions propices \u00e0 leur survie et \u00e0 leur prolif\u00e9ration, et \u00e0 mieux interpr\u00e9ter les \u00e9chantillons recueillis lors de la mission. Une forte turbidit\u00e9, par exemple, est souvent due \u00e0 la pr\u00e9sence de s\u00e9diments dans l\u2019eau, apport\u00e9s par les fleuves depuis la terre. Ces s\u00e9diments sont riches en sels nutritifs, \u00a0la nourriture des Sargasses\u00a0! Ainsi, on pense que les sels nutritifs apport\u00e9s par les s\u00e9diments de l\u2019Amazone, qui ont augment\u00e9 avec la d\u00e9forestation, pourraient \u00eatre en partie responsable de la formation d\u2019une Nouvelle Mer des Sargasses au large du Br\u00e9sil. <\/span><\/p>\n<p><span style=\"font-weight: 400;\">D\u2019autre part, \u00a0on peut observer la distribution du phytoplancton gr\u00e2ce \u00e0 la d\u00e9tection de la chlorophylle-a, pigment vert principal du phytoplancton, produit par la photosynth\u00e8se. En comparant la pr\u00e9sence de ce pigment aux autres donn\u00e9es de la zone \u00e9tudi\u00e9e, \u00a0on obtient des informations sur les organismes qui vivent avec les Sargasses. De plus, comme les radeaux de Sargasses, les eaux riches en chlorophylle-a et en s\u00e9diments sont transport\u00e9es par les courants. La cartographie de ces param\u00e8tres permet donc aussi de suivre les courants qui vont influencer le d\u00e9placement et le d\u00e9veloppement des radeaux de Sargasses. <\/span><\/p>\n<p><span style=\"font-weight: 400;\">Lors de l\u2019Exp\u00e9dition Sargasses, les cartes des radeaux, les cartes des courants et les cartes des param\u00e8tres tels que la temp\u00e9rature ou la chlorophylle-a seront g\u00e9n\u00e9r\u00e9es chaque jour dans la zone de navigation du bateau. Elles seront ensuite analys\u00e9es par notre \u00e9quipe \u00e0 Terre et un bulletin sera envoy\u00e9 au bateau avec des conseils de navigation afin de le guider vers les radeaux de Sargasses les plus int\u00e9ressants. <\/span><\/p>\n","protected":false},"excerpt":{"rendered":"<p>Comment traquer les Sargasses pour guider au mieux l\u2019exp\u00e9dition ? Par t\u00e9l\u00e9d\u00e9tection gr\u00e2ce aux capteurs embarqu\u00e9s sur les satellites orbitant autour de la Terre bien s\u00fbr ! Eh oui, il est aujourd\u2019hui possible d\u2019observer des algues depuis l\u2019espace\u00a0! Et \u00e0\u00a0bord du navire de la mission, c\u2019est Anouck ODY qui s\u2019occupe de les traquer \u00e0 partir des images satellites. La lumi\u00e8re, alli\u00e9e id\u00e9ale pour traquer les Sargasses Des capteurs dits \u00abradiom\u00e9triques\u00bb install\u00e9s sur des satellites captent la lumi\u00e8re du Soleil r\u00e9fl\u00e9chie&#8230;<\/p>\n<p class=\"read-more\"><a class=\"btn btn-default\" href=\"https:\/\/sargasses.mio.osupytheas.fr\/?page_id=898\">Lire la suite<span class=\"screen-reader-text\"> Lire la suite<\/span><\/a><\/p>\n","protected":false},"author":7,"featured_media":0,"parent":0,"menu_order":0,"comment_status":"closed","ping_status":"closed","template":"","meta":{"footnotes":""},"class_list":["post-898","page","type-page","status-publish","hentry"],"jetpack_sharing_enabled":true,"jetpack_shortlink":"https:\/\/wp.me\/P9eHwp-eu","_links":{"self":[{"href":"https:\/\/sargasses.mio.osupytheas.fr\/index.php?rest_route=\/wp\/v2\/pages\/898","targetHints":{"allow":["GET"]}}],"collection":[{"href":"https:\/\/sargasses.mio.osupytheas.fr\/index.php?rest_route=\/wp\/v2\/pages"}],"about":[{"href":"https:\/\/sargasses.mio.osupytheas.fr\/index.php?rest_route=\/wp\/v2\/types\/page"}],"author":[{"embeddable":true,"href":"https:\/\/sargasses.mio.osupytheas.fr\/index.php?rest_route=\/wp\/v2\/users\/7"}],"replies":[{"embeddable":true,"href":"https:\/\/sargasses.mio.osupytheas.fr\/index.php?rest_route=%2Fwp%2Fv2%2Fcomments&post=898"}],"version-history":[{"count":16,"href":"https:\/\/sargasses.mio.osupytheas.fr\/index.php?rest_route=\/wp\/v2\/pages\/898\/revisions"}],"predecessor-version":[{"id":925,"href":"https:\/\/sargasses.mio.osupytheas.fr\/index.php?rest_route=\/wp\/v2\/pages\/898\/revisions\/925"}],"wp:attachment":[{"href":"https:\/\/sargasses.mio.osupytheas.fr\/index.php?rest_route=%2Fwp%2Fv2%2Fmedia&parent=898"}],"curies":[{"name":"wp","href":"https:\/\/api.w.org\/{rel}","templated":true}]}}