{"id":413,"date":"2017-06-12T17:00:04","date_gmt":"2017-06-12T15:00:04","guid":{"rendered":"https:\/\/sargasses.mio.osupytheas.fr\/?page_id=413"},"modified":"2017-06-16T14:22:35","modified_gmt":"2017-06-16T12:22:35","slug":"prets-a-embarquer","status":"publish","type":"page","link":"https:\/\/sargasses.mio.osupytheas.fr\/?page_id=413","title":{"rendered":"Pr\u00eats \u00e0 embarquer?"},"content":{"rendered":"<p><em>Une exp\u00e9dition dans les Cara\u00efbes \u00e7a donne envie non ? Surtout avec le Soleil \u00e9crasant de ces mois estivaux ! Allez tester vos connaissances concernant le mat\u00e9riel pour v\u00e9rifier que vous n&#8217;aller pas cr\u00e9er la panique une fois \u00e0 bord !<\/em><\/p>\n<div id=\"watu_quiz\" class=\"quiz-area \">\n<p><p>Ce test est cr\u00e9\u00e9 automatiquement pour vous aider \u00e0 d\u00e9marrer. Il ne sera cr\u00e9\u00e9 qu\u2019une seule fois.<\/p>\n<\/p><form action=\"\" method=\"post\" class=\"quiz-form \" id=\"quiz-1\" >\n<div class='watu-question' id='question-1'><div class='question-content'><p><span class='watu_num'>1. <\/span>Nos fameux plongeurs vont avoir besoin d&#8217;un \u00e9quipement complet et ad\u00e9quat, de quoi leur sac sera compos\u00e9 ? (Plusieurs r\u00e9ponses sont possibles)<\/p>\n<\/div><input type='hidden' name='question_id[]' value='3' \/><div class='watu-questions-wrap '><input type='hidden' name='answer_ids[]' class='watu-answer-ids' value='227' \/><div class='watu-question-choice'><input type='checkbox' name='answer-3[]' id='answer-id-227' class='answer answer-1  answerof-3' value='227' \/>&nbsp;<label for='answer-id-227' id='answer-label-227' class=' answer label-1'><span class='answer'>D&#8217;une paire de palmes et d&#8217;un masque, c&#8217;est plut\u00f4t compliqu\u00e9 d&#8217;ouvrir les yeux et surtout d&#8217;y voir clair dans une \u00e9tendu d&#8217;eau sal\u00e9e ! <\/span><\/label><\/div>\n<input type='hidden' name='answer_ids[]' class='watu-answer-ids' value='228' \/><div class='watu-question-choice'><input type='checkbox' name='answer-3[]' id='answer-id-228' class='answer answer-1  answerof-3' value='228' \/>&nbsp;<label for='answer-id-228' id='answer-label-228' class=' answer label-1'><span class='answer'>D&#8217;un tuba, sinon comment on fait pour respirer ? <\/span><\/label><\/div>\n<input type='hidden' name='answer_ids[]' class='watu-answer-ids' value='229' \/><div class='watu-question-choice'><input type='checkbox' name='answer-3[]' id='answer-id-229' class='answer answer-1  answerof-3' value='229' \/>&nbsp;<label for='answer-id-229' id='answer-label-229' class=' answer label-1'><span class='answer'>D&#8217;un d\u00e9tendeur, un syst\u00e8me permettant au plongeur de r\u00e9cup\u00e9rer l&#8217;air contenu dans la bouteille de plong\u00e9e.<\/span><\/label><\/div>\n<input type='hidden' name='answer_ids[]' class='watu-answer-ids' value='230' \/><div class='watu-question-choice'><input type='checkbox' name='answer-3[]' id='answer-id-230' class='answer answer-1  answerof-3' value='230' \/>&nbsp;<label for='answer-id-230' id='answer-label-230' class=' answer label-1'><span class='answer'>D&#8217;un bloc, compos\u00e9 de la bouteille et d&#8217;un gilet pour respirer dans le grand bleu !<\/span><\/label><\/div>\n<input type='hidden' name='answer_ids[]' class='watu-answer-ids' value='231' \/><div class='watu-question-choice'><input type='checkbox' name='answer-3[]' id='answer-id-231' class='answer answer-1  answerof-3' value='231' \/>&nbsp;<label for='answer-id-231' id='answer-label-231' class=' answer label-1'><span class='answer'>D&#8217;une gourde, il manquerait plus qu&#8217;on se d\u00e9shydrate !<\/span><\/label><\/div>\n<\/div><input type='hidden' id='questionType1' value='checkbox' class=''><\/div><div class='watu-question' id='question-2'><div class='question-content'><p><span class='watu_num'>2. <\/span>Un outil indispensable pour que les scientifiques m\u00e8nent \u00e0 bien leur mission : la bouteille Niskin, mais \u00e0 quoi sert-elle ?<\/p>\n<p>&nbsp;<\/p>\n<\/div><input type='hidden' name='question_id[]' value='1' \/><div class='watu-questions-wrap '><input type='hidden' name='answer_ids[]' class='watu-answer-ids' value='164' \/><div class='watu-question-choice'><input type='radio' name='answer-1[]' id='answer-id-164' class='answer answer-2  answerof-1' value='164' \/>&nbsp;<label for='answer-id-164' id='answer-label-164' class=' answer label-2'><span class='answer'>Elle permet aux plongeurs de respirer jusqu&#8217;\u00e0 1000m de profondeur.<\/span><\/label><\/div>\n<input type='hidden' name='answer_ids[]' class='watu-answer-ids' value='165' \/><div class='watu-question-choice'><input type='radio' name='answer-1[]' id='answer-id-165' class='answer answer-2  answerof-1' value='165' \/>&nbsp;<label for='answer-id-165' id='answer-label-165' class=' answer label-2'><span class='answer'>Elle permet de pr\u00e9lever de l&#8217;eau \u00e0 une profondeur donn\u00e9e.<\/span><\/label><\/div>\n<input type='hidden' name='answer_ids[]' class='watu-answer-ids' value='166' \/><div class='watu-question-choice'><input type='radio' name='answer-1[]' id='answer-id-166' class='answer answer-2  answerof-1' value='166' \/>&nbsp;<label for='answer-id-166' id='answer-label-166' class=' answer label-2'><span class='answer'>Elle permet aux plongeurs de se d\u00e9salt\u00e9rer m\u00eame au fond de l&#8217;oc\u00e9an, pratique !<\/span><\/label><\/div>\n<\/div><input type='hidden' id='questionType2' value='radio' class=''><\/div><div class='watu-question' id='question-3'><div class='question-content'><p><span class='watu_num'>3. <\/span>Une exp\u00e9dition oc\u00e9anographique n&#8217;en est pas une sans l&#8217;indispensable rosette !<\/p>\n<\/div><input type='hidden' name='question_id[]' value='2' \/><div class='watu-questions-wrap '><input type='hidden' name='answer_ids[]' class='watu-answer-ids' value='167' \/><div class='watu-question-choice'><input type='radio' name='answer-2[]' id='answer-id-167' class='answer answer-3  answerof-2' value='167' \/>&nbsp;<label for='answer-id-167' id='answer-label-167' class=' answer label-3'><span class='answer'>Malheureux, il ne faut jamais partir en mer sans un bon saucisson !<\/span><\/label><\/div>\n<input type='hidden' name='answer_ids[]' class='watu-answer-ids' value='168' \/><div class='watu-question-choice'><input type='radio' name='answer-2[]' id='answer-id-168' class='answer answer-3  answerof-2' value='168' \/>&nbsp;<label for='answer-id-168' id='answer-label-168' class=' answer label-3'><span class='answer'>Gr\u00e2ce \u00e0 elle on peut envoyer plusieurs bouteilles Niskin dans les profondeurs de l&#8217;oc\u00e9an.<\/span><\/label><\/div>\n<input type='hidden' name='answer_ids[]' class='watu-answer-ids' value='169' \/><div class='watu-question-choice'><input type='radio' name='answer-2[]' id='answer-id-169' class='answer answer-3  answerof-2' value='169' \/>&nbsp;<label for='answer-id-169' id='answer-label-169' class=' answer label-3'><span class='answer'>Sans elle nos scientifiques ne pourraient pas se situer en pleine mer et perdraient rapidement le cap&#8230;<\/span><\/label><\/div>\n<\/div><input type='hidden' id='questionType3' value='radio' class=''><\/div><div class='watu-question' id='question-4'><div class='question-content'><p><span class='watu_num'>4. <\/span>Un cong\u00e9lateur de 200 L, c&#8217;est tout de m\u00eame bien pratique pour :<\/p>\n<\/div><input type='hidden' name='question_id[]' value='4' \/><div class='watu-questions-wrap '><input type='hidden' name='answer_ids[]' class='watu-answer-ids' value='205' \/><div class='watu-question-choice'><input type='radio' name='answer-4[]' id='answer-id-205' class='answer answer-4  answerof-4' value='205' \/>&nbsp;<label for='answer-id-205' id='answer-label-205' class=' answer label-4'><span class='answer'>se rafra\u00eechir les id\u00e9es en fin de journ\u00e9e, se plonger la t\u00eate dedans une demi heure voil\u00e0 le secret des scientifiques.<\/span><\/label><\/div>\n<input type='hidden' name='answer_ids[]' class='watu-answer-ids' value='206' \/><div class='watu-question-choice'><input type='radio' name='answer-4[]' id='answer-id-206' class='answer answer-4  answerof-4' value='206' \/>&nbsp;<label for='answer-id-206' id='answer-label-206' class=' answer label-4'><span class='answer'>stocker les \u00e9chantillons d\u2019eau recueillis gr\u00e2ce aux bouteilles Niskin.<\/span><\/label><\/div>\n<input type='hidden' name='answer_ids[]' class='watu-answer-ids' value='207' \/><div class='watu-question-choice'><input type='radio' name='answer-4[]' id='answer-id-207' class='answer answer-4  answerof-4' value='207' \/>&nbsp;<label for='answer-id-207' id='answer-label-207' class=' answer label-4'><span class='answer'>stocker le butin d&#8217;une p\u00eache fructueuse.<\/span><\/label><\/div>\n<input type='hidden' name='answer_ids[]' class='watu-answer-ids' value='208' \/><div class='watu-question-choice'><input type='radio' name='answer-4[]' id='answer-id-208' class='answer answer-4  answerof-4' value='208' \/>&nbsp;<label for='answer-id-208' id='answer-label-208' class=' answer label-4'><span class='answer'>avoir une r\u00e9serve immense de glace pill\u00e9e pour le jus de fruits !<\/span><\/label><\/div>\n<\/div><input type='hidden' id='questionType4' value='radio' class=''><\/div><div class='watu-question' id='question-5'><div class='question-content'><p><span class='watu_num'>5. <\/span>A bord de l&#8217;Ant\u00e9a, sans le sondeur acoustique, il serait impossible \u00e0 nos scientifiques :<\/p>\n<\/div><input type='hidden' name='question_id[]' value='5' \/><div class='watu-questions-wrap '><input type='hidden' name='answer_ids[]' class='watu-answer-ids' value='209' \/><div class='watu-question-choice'><input type='radio' name='answer-5[]' id='answer-id-209' class='answer answer-5  answerof-5' value='209' \/>&nbsp;<label for='answer-id-209' id='answer-label-209' class=' answer label-5'><span class='answer'>de conna\u00eetre la profondeur de l\u2019eau en tout temps.<\/span><\/label><\/div>\n<input type='hidden' name='answer_ids[]' class='watu-answer-ids' value='210' \/><div class='watu-question-choice'><input type='radio' name='answer-5[]' id='answer-id-210' class='answer answer-5  answerof-5' value='210' \/>&nbsp;<label for='answer-id-210' id='answer-label-210' class=' answer label-5'><span class='answer'>de limiter les bruits assourdissants du moteur de ce monstrueux navire, au secours !<\/span><\/label><\/div>\n<input type='hidden' name='answer_ids[]' class='watu-answer-ids' value='211' \/><div class='watu-question-choice'><input type='radio' name='answer-5[]' id='answer-id-211' class='answer answer-5  answerof-5' value='211' \/>&nbsp;<label for='answer-id-211' id='answer-label-211' class=' answer label-5'><span class='answer'>d\u2019\u00e9couter de la musique pendant toute la travers\u00e9e, quelle tristesse\u2026<\/span><\/label><\/div>\n<\/div><input type='hidden' id='questionType5' value='radio' class=''><\/div><div class='watu-question' id='question-6'><div class='question-content'><p><span class='watu_num'>6. <\/span>Quand je vous dis microscope st\u00e9r\u00e9oscopique, vous visualisez imm\u00e9diatement <span style=\"font-weight: 400;\">\u00a0:<\/span><\/p>\n<\/div><input type='hidden' name='question_id[]' value='7' \/><div class='watu-questions-wrap '><input type='hidden' name='answer_ids[]' class='watu-answer-ids' value='212' \/><div class='watu-question-choice'><input type='radio' name='answer-7[]' id='answer-id-212' class='answer answer-6  answerof-7' value='212' \/>&nbsp;<label for='answer-id-212' id='answer-label-212' class=' answer label-6'><span class='answer'>un appareil permettant d&#8217;emp\u00eacher de tomber sur Radio trafic depuis l\u2019Ant\u00e9a, ras-le-bol de savoir que l\u2019aire d\u2019autoroute de Mont\u00e9limar est d\u00e9gag\u00e9e !<\/span><\/label><\/div>\n<input type='hidden' name='answer_ids[]' class='watu-answer-ids' value='213' \/><div class='watu-question-choice'><input type='radio' name='answer-7[]' id='answer-id-213' class='answer answer-6  answerof-7' value='213' \/>&nbsp;<label for='answer-id-213' id='answer-label-213' class=' answer label-6'><span class='answer'>un appareil permettant d\u2019observer des \u00e9chantillons d\u2019eau avec un grossissement x1000.<\/span><\/label><\/div>\n<input type='hidden' name='answer_ids[]' class='watu-answer-ids' value='214' \/><div class='watu-question-choice'><input type='radio' name='answer-7[]' id='answer-id-214' class='answer answer-6  answerof-7' value='214' \/>&nbsp;<label for='answer-id-214' id='answer-label-214' class=' answer label-6'><span class='answer'>une loupe binoculaire, destin\u00e9e \u00e0 une observation \u00e0 faible grossissement.<\/span><\/label><\/div>\n<\/div><input type='hidden' id='questionType6' value='radio' class=''><\/div><div class='watu-question' id='question-7'><div class='question-content'><p><span class='watu_num'>7. <\/span>Le filet \u00e0 plancton est indispensable lors de cette mission,<\/p>\n<\/div><input type='hidden' name='question_id[]' value='9' \/><div class='watu-questions-wrap '><input type='hidden' name='answer_ids[]' class='watu-answer-ids' value='180' \/><div class='watu-question-choice'><input type='radio' name='answer-9[]' id='answer-id-180' class='answer answer-7  answerof-9' value='180' \/>&nbsp;<label for='answer-id-180' id='answer-label-180' class=' answer label-7'><span class='answer'>c&#8217;est un poisson qui se mange accompagn\u00e9 de c\u00e2pres et d&#8217;un peu de citron. Nos scientifiques ont besoin de reprendre des forces !<\/span><\/label><\/div>\n<input type='hidden' name='answer_ids[]' class='watu-answer-ids' value='181' \/><div class='watu-question-choice'><input type='radio' name='answer-9[]' id='answer-id-181' class='answer answer-7  answerof-9' value='181' \/>&nbsp;<label for='answer-id-181' id='answer-label-181' class=' answer label-7'><span class='answer'>ce filet sert \u00e0 capturer du planton pour ensuite l&#8217;\u00e9tudier.<\/span><\/label><\/div>\n<input type='hidden' name='answer_ids[]' class='watu-answer-ids' value='182' \/><div class='watu-question-choice'><input type='radio' name='answer-9[]' id='answer-id-182' class='answer answer-7  answerof-9' value='182' \/>&nbsp;<label for='answer-id-182' id='answer-label-182' class=' answer label-7'><span class='answer'>de quoi faire une bonne partie de volley sur le ponton, tous sur le terrain !<\/span><\/label><\/div>\n<\/div><input type='hidden' id='questionType7' value='radio' class=''><\/div><div class='watu-question' id='question-8'><div class='question-content'><p><span class='watu_num'>8. <\/span>Sous l&#8217;eau nos scientifiques auront besoin du diving-PAM, il est essentiel pour :<\/p>\n<\/div><input type='hidden' name='question_id[]' value='10' \/><div class='watu-questions-wrap '><input type='hidden' name='answer_ids[]' class='watu-answer-ids' value='189' \/><div class='watu-question-choice'><input type='radio' name='answer-10[]' id='answer-id-189' class='answer answer-8  answerof-10' value='189' \/>&nbsp;<label for='answer-id-189' id='answer-label-189' class=' answer label-8'><span class='answer'>reprendre des forces, PAM est un acronyme pour : Plancton Arros\u00e9 de Moutarde, gr\u00e2ce au filet \u00e0 plancton les scientifiques se font des festins tous les soirs !<\/span><\/label><\/div>\n<input type='hidden' name='answer_ids[]' class='watu-answer-ids' value='190' \/><div class='watu-question-choice'><input type='radio' name='answer-10[]' id='answer-id-190' class='answer answer-8  answerof-10' value='190' \/>&nbsp;<label for='answer-id-190' id='answer-label-190' class=' answer label-8'><span class='answer'>d\u00e9tecter les ultrasons \u00e9mis par tous les organismes marins. Les scientifiques les d\u00e9cryptent une fois sur le bateau !<\/span><\/label><\/div>\n<input type='hidden' name='answer_ids[]' class='watu-answer-ids' value='191' \/><div class='watu-question-choice'><input type='radio' name='answer-10[]' id='answer-id-191' class='answer answer-8  answerof-10' value='191' \/>&nbsp;<label for='answer-id-191' id='answer-label-191' class=' answer label-8'><span class='answer'>\u00e9tudier la photosynth\u00e8se des Sargasses.<\/span><\/label><\/div>\n<\/div><input type='hidden' id='questionType8' value='radio' class=''><\/div><div class='watu-question' id='question-9'><div class='question-content'><p><span class='watu_num'>9. <\/span>Le d\u00e9part ne se fera pas sans le zodiac, son r\u00f4le est trop important !<\/p>\n<\/div><input type='hidden' name='question_id[]' value='11' \/><div class='watu-questions-wrap '><input type='hidden' name='answer_ids[]' class='watu-answer-ids' value='215' \/><div class='watu-question-choice'><input type='radio' name='answer-11[]' id='answer-id-215' class='answer answer-9  answerof-11' value='215' \/>&nbsp;<label for='answer-id-215' id='answer-label-215' class=' answer label-9'><span class='answer'>Une fois \u00e0 bord, entre les plong\u00e9es, les observations microscopiques et les longs temps de r\u00e9flexion l&#8217;\u00e9quipage a besoin de se d\u00e9tendre, c&#8217;est pourquoi ils ne partent jamais sans le zodiac, un jeu de soci\u00e9t\u00e9 relaxant !<\/span><\/label><\/div>\n<input type='hidden' name='answer_ids[]' class='watu-answer-ids' value='216' \/><div class='watu-question-choice'><input type='radio' name='answer-11[]' id='answer-id-216' class='answer answer-9  answerof-11' value='216' \/>&nbsp;<label for='answer-id-216' id='answer-label-216' class=' answer label-9'><span class='answer'>C&#8217;est un petit bateau qui permet \u00e0 n&#8217;importe quel membre de l&#8217;\u00e9quipage de se retirer en pleine mer afin de r\u00e9fl\u00e9chir \u00e0 ses recherches sans \u00eatre d\u00e9rang\u00e9.<\/span><\/label><\/div>\n<input type='hidden' name='answer_ids[]' class='watu-answer-ids' value='217' \/><div class='watu-question-choice'><input type='radio' name='answer-11[]' id='answer-id-217' class='answer answer-9  answerof-11' value='217' \/>&nbsp;<label for='answer-id-217' id='answer-label-217' class=' answer label-9'><span class='answer'>C&#8217;est une petite embarcation rapide et facile \u00e0 diriger pour se d\u00e9placer autour du bateau.<\/span><\/label><\/div>\n<\/div><input type='hidden' id='questionType9' value='radio' class=''><\/div><div class='watu-question' id='question-10'><div class='question-content'><p><span class='watu_num'>10. <\/span>Cela peut \u00eatre \u00e9tonnant mais l&#8217;\u00e9quipage aura besoin d&#8217;un drone pendant toute la dur\u00e9e de l&#8217;exp\u00e9dition !<\/p>\n<\/div><input type='hidden' name='question_id[]' value='12' \/><div class='watu-questions-wrap '><input type='hidden' name='answer_ids[]' class='watu-answer-ids' value='218' \/><div class='watu-question-choice'><input type='radio' name='answer-12[]' id='answer-id-218' class='answer answer-10  answerof-12' value='218' \/>&nbsp;<label for='answer-id-218' id='answer-label-218' class=' answer label-10'><span class='answer'>Les scientifiques ne sont pas en vacance mais pendant leurs pauses ils peuvent se servir du drone pour passer aux dessus des \u00eeles voisines et les d\u00e9couvrir d&#8217;une toute nouvelle fa\u00e7on.<\/span><\/label><\/div>\n<input type='hidden' name='answer_ids[]' class='watu-answer-ids' value='219' \/><div class='watu-question-choice'><input type='radio' name='answer-12[]' id='answer-id-219' class='answer answer-10  answerof-12' value='219' \/>&nbsp;<label for='answer-id-219' id='answer-label-219' class=' answer label-10'><span class='answer'>Difficile de recevoir du courrier en pleine mer, le drone est l\u00e0 pour faire la liaison entre la terre ferme et notre \u00e9quipe en mer, pratique !<\/span><\/label><\/div>\n<input type='hidden' name='answer_ids[]' class='watu-answer-ids' value='220' \/><div class='watu-question-choice'><input type='radio' name='answer-12[]' id='answer-id-220' class='answer answer-10  answerof-12' value='220' \/>&nbsp;<label for='answer-id-220' id='answer-label-220' class=' answer label-10'><span class='answer'>Permet d\u2019effectuer des prises de vues (photos et vid\u00e9os) a\u00e9riennes en survolant les radeaux de Sargasses et l\u2019Antea.<\/span><\/label><\/div>\n<input type='hidden' name='answer_ids[]' class='watu-answer-ids' value='221' \/><div class='watu-question-choice'><input type='radio' name='answer-12[]' id='answer-id-221' class='answer answer-10  answerof-12' value='221' \/>&nbsp;<label for='answer-id-221' id='answer-label-221' class=' answer label-10'><span class='answer'>Maintenant les drone sont capables d&#8217;effectuer des livraisons&#8230; de pizza ! En mer, \u00e7a permet de changer un peu du poisson !<\/span><\/label><\/div>\n<\/div><input type='hidden' id='questionType10' value='radio' class=''><\/div><div style='display:none' id='question-11'><br \/><div class='question-content'><img loading=\"lazy\" decoding=\"async\" src=\"https:\/\/sargasses.mio.osupytheas.fr\/wp-content\/plugins\/watu\/loading.gif\" width=\"16\" height=\"16\" alt=\"Chargement ...\" title=\"Chargement ...\" \/>&nbsp;Chargement &#8230;<\/div><\/div><br \/>\n\t<p>Question <span id='numQ'>1<\/span> sur 10<\/p>\n\t\t<input type=\"button\" id=\"next-question\" value=\"Suivant &gt;\"  \/>\n<input type=\"button\" name=\"action\" onclick=\"Watu.submitResult()\" id=\"action-button\" value=\"Envoy\u00e9\"  class=\"watu-submit-button\" \/>\n<input type=\"hidden\" name=\"no_ajax\" value=\"0\"><input type=\"hidden\" name=\"quiz_id\" value=\"1\" \/>\n<input type=\"hidden\" id=\"watuStartTime\" name=\"start_time\" value=\"2026-04-19 16:13:57\" \/>\n<\/form>\n<\/div>\n<div id=\"watu-loading-result\" style=\"display:none;\">\n\t<p align=\"center\"><img loading=\"lazy\" decoding=\"async\" src=\"https:\/\/sargasses.mio.osupytheas.fr\/wp-content\/plugins\/watu\/loading.gif\" width=\"16\" height=\"16\" alt=\"Chargement\" title=\"Chargement\" \/><\/p>\n<\/div>\t\n<script type=\"text\/javascript\">\nvar exam_id=0;\nvar question_ids='';\nvar watuURL='';\njQuery(function($){\nquestion_ids = \"3,1,2,4,5,7,9,10,11,12\";\nexam_id = 1;\nWatu.exam_id = exam_id;\nWatu.qArr = question_ids.split(',');\nWatu.post_id = 413;\nWatu.singlePage = '0';\nWatu.hAppID = \"0.96835500 1776608037\";\nwatuURL = \"https:\/\/sargasses.mio.osupytheas.fr\/wp-admin\/admin-ajax.php\";\nWatu.noAlertUnanswered = 0;\n});\n<\/script>\n","protected":false},"excerpt":{"rendered":"<p>Une exp\u00e9dition dans les Cara\u00efbes \u00e7a donne envie non ? Surtout avec le Soleil \u00e9crasant de ces mois estivaux ! Allez tester vos connaissances concernant le mat\u00e9riel pour v\u00e9rifier que vous n&#8217;aller pas cr\u00e9er la panique une fois \u00e0 bord !<\/p>\n","protected":false},"author":5,"featured_media":0,"parent":423,"menu_order":0,"comment_status":"closed","ping_status":"closed","template":"","meta":{"jetpack_post_was_ever_published":false,"footnotes":""},"class_list":["post-413","page","type-page","status-publish","hentry"],"jetpack_sharing_enabled":true,"jetpack_shortlink":"https:\/\/wp.me\/P9eHwp-6F","_links":{"self":[{"href":"https:\/\/sargasses.mio.osupytheas.fr\/index.php?rest_route=\/wp\/v2\/pages\/413","targetHints":{"allow":["GET"]}}],"collection":[{"href":"https:\/\/sargasses.mio.osupytheas.fr\/index.php?rest_route=\/wp\/v2\/pages"}],"about":[{"href":"https:\/\/sargasses.mio.osupytheas.fr\/index.php?rest_route=\/wp\/v2\/types\/page"}],"author":[{"embeddable":true,"href":"https:\/\/sargasses.mio.osupytheas.fr\/index.php?rest_route=\/wp\/v2\/users\/5"}],"replies":[{"embeddable":true,"href":"https:\/\/sargasses.mio.osupytheas.fr\/index.php?rest_route=%2Fwp%2Fv2%2Fcomments&post=413"}],"version-history":[{"count":8,"href":"https:\/\/sargasses.mio.osupytheas.fr\/index.php?rest_route=\/wp\/v2\/pages\/413\/revisions"}],"predecessor-version":[{"id":436,"href":"https:\/\/sargasses.mio.osupytheas.fr\/index.php?rest_route=\/wp\/v2\/pages\/413\/revisions\/436"}],"up":[{"embeddable":true,"href":"https:\/\/sargasses.mio.osupytheas.fr\/index.php?rest_route=\/wp\/v2\/pages\/423"}],"wp:attachment":[{"href":"https:\/\/sargasses.mio.osupytheas.fr\/index.php?rest_route=%2Fwp%2Fv2%2Fmedia&parent=413"}],"curies":[{"name":"wp","href":"https:\/\/api.w.org\/{rel}","templated":true}]}}