{"id":33,"date":"2017-06-07T11:55:06","date_gmt":"2017-06-07T09:55:06","guid":{"rendered":"https:\/\/sargasses.mio.osupytheas.fr\/?page_id=33"},"modified":"2017-10-05T19:00:50","modified_gmt":"2017-10-05T17:00:50","slug":"la-mission","status":"publish","type":"page","link":"https:\/\/sargasses.mio.osupytheas.fr\/?page_id=33","title":{"rendered":"La Mission"},"content":{"rendered":"<p><strong>A la recherche de la Nouvelle mer des Sargasses<\/strong><\/p>\n<p>Tout le monde conna\u00eet la mer des Sargasses d\u00e9crite par Christophe Colomb lors de sa travers\u00e9e de l\u2019Atlantique. Elle a \u00e9t\u00e9 d\u00e9couverte alors que tout l\u2019\u00e9quipage de son exp\u00e9dition commen\u00e7ait \u00e0 trouver le temps long et s\u2019inqui\u00e9tait de toucher \u00e0 nouveau la terre ferme. Elle se trouve au niveau des Bermudes. mais ce que l\u2019on sait moins, c\u2019est qu\u2019actuellement une nouvelle mer des Sargasse est en train de voir le jour, plus au sud, dans l\u2019Atlantique tropical Nord. C\u2019est tout l\u2019objet des Exp\u00e9ditions Sargasses, organis\u00e9es par l\u2019Universit\u00e9 d\u2019Aix-Marseille et l\u2019IRD (Institut de Recherche et de D\u00e9veloppement), avec le soutien de la Flotte oc\u00e9anographique fran\u00e7aise, de Monaco exploration, des Universit\u00e9s de Bretagne-Occidentale, des Antilles, de Pernabouco (Br\u00e9sil) et d\u2019Abidjan (Cote d\u2019Ivoire).<\/p>\n<p>A l\u2019origine, les Exp\u00e9ditions Sargasses r\u00e9pondent \u00e0 une pr\u00e9occupation majeure des populations des Antilles fran\u00e7aises qui sont confront\u00e9es, de mani\u00e8re r\u00e9p\u00e9titive depuis 2011, \u00e0 des mar\u00e9es brunes suivies d\u2019\u00e9chouages consid\u00e9rable. Cela provoque des cons\u00e9quences catastrophiques sur la faune et la flore benthique ainsi que sur la sant\u00e9 et les activit\u00e9s humaines. Mais en r\u00e9alit\u00e9, ces \u00e9chouages massifs de Sargasses p\u00e9lagiques sont g\u00e9n\u00e9ralis\u00e9s sur tout le pourtour de l\u2019Oc\u00e9an Atlantique tropical Nord. On les retrouve aux petites et grandes Antilles, sur les c\u00f4tes de Guyane, du Br\u00e9sil et d\u2019Afrique de l\u2019Ouest ainsi sur le pourtour du Golfe du Mexique. L\u2019analyse des images satellite a permis de reconstituer leur parcours depuis l\u2019Atlantique, en face de l\u2019embouchure de l\u2019Amazone, mais l\u2019identification pr\u00e9cise de ces esp\u00e8ces de Sargasses n\u2019est pas connue, et les causes de l\u2019apparition de cette \u00ab\u00a0Nouvelle mer des Sargasses\u00a0\u00bb restent hypoth\u00e9tiques.<\/p>\n<p>&nbsp;<\/p>\n","protected":false},"excerpt":{"rendered":"<p>A la recherche de la Nouvelle mer des Sargasses Tout le monde conna\u00eet la mer des Sargasses d\u00e9crite par Christophe Colomb lors de sa travers\u00e9e de l\u2019Atlantique. Elle a \u00e9t\u00e9 d\u00e9couverte alors que tout l\u2019\u00e9quipage de son exp\u00e9dition commen\u00e7ait \u00e0 trouver le temps long et s\u2019inqui\u00e9tait de toucher \u00e0 nouveau la terre ferme. Elle se trouve au niveau des Bermudes. mais ce que l\u2019on sait moins, c\u2019est qu\u2019actuellement une nouvelle mer des Sargasse est en train de voir le jour,&#8230;<\/p>\n<p class=\"read-more\"><a class=\"btn btn-default\" href=\"https:\/\/sargasses.mio.osupytheas.fr\/?page_id=33\">Lire la suite<span class=\"screen-reader-text\"> Lire la suite<\/span><\/a><\/p>\n","protected":false},"author":6,"featured_media":0,"parent":0,"menu_order":0,"comment_status":"closed","ping_status":"closed","template":"","meta":{"jetpack_post_was_ever_published":false,"footnotes":""},"class_list":["post-33","page","type-page","status-publish","hentry"],"jetpack_sharing_enabled":true,"jetpack_shortlink":"https:\/\/wp.me\/P9eHwp-x","_links":{"self":[{"href":"https:\/\/sargasses.mio.osupytheas.fr\/index.php?rest_route=\/wp\/v2\/pages\/33","targetHints":{"allow":["GET"]}}],"collection":[{"href":"https:\/\/sargasses.mio.osupytheas.fr\/index.php?rest_route=\/wp\/v2\/pages"}],"about":[{"href":"https:\/\/sargasses.mio.osupytheas.fr\/index.php?rest_route=\/wp\/v2\/types\/page"}],"author":[{"embeddable":true,"href":"https:\/\/sargasses.mio.osupytheas.fr\/index.php?rest_route=\/wp\/v2\/users\/6"}],"replies":[{"embeddable":true,"href":"https:\/\/sargasses.mio.osupytheas.fr\/index.php?rest_route=%2Fwp%2Fv2%2Fcomments&post=33"}],"version-history":[{"count":34,"href":"https:\/\/sargasses.mio.osupytheas.fr\/index.php?rest_route=\/wp\/v2\/pages\/33\/revisions"}],"predecessor-version":[{"id":1421,"href":"https:\/\/sargasses.mio.osupytheas.fr\/index.php?rest_route=\/wp\/v2\/pages\/33\/revisions\/1421"}],"wp:attachment":[{"href":"https:\/\/sargasses.mio.osupytheas.fr\/index.php?rest_route=%2Fwp%2Fv2%2Fmedia&parent=33"}],"curies":[{"name":"wp","href":"https:\/\/api.w.org\/{rel}","templated":true}]}}