{"id":31,"date":"2017-06-07T11:54:50","date_gmt":"2017-06-07T09:54:50","guid":{"rendered":"https:\/\/sargasses.mio.osupytheas.fr\/?page_id=31"},"modified":"2017-10-09T01:40:25","modified_gmt":"2017-10-08T23:40:25","slug":"boite-a-outils","status":"publish","type":"page","link":"https:\/\/sargasses.mio.osupytheas.fr\/?page_id=31","title":{"rendered":"Bo\u00eete \u00e0 outils"},"content":{"rendered":"<p><em>Partir en mer c\u2019est une chose, mais encore faut-il \u00eatre \u00e9quip\u00e9. Un petit aper\u00e7u du kit du parfait oc\u00e9anographe qui partira en qu\u00eate de savoir sur les Sargasses lors de cette formidable exp\u00e9dition scientifique.<\/em><\/p>\n<table \"background-color:none; border:0;\">\n<tbody>\n<tr>\n<td colspan=\"2\" width=\"503\">\n<h4 style=\"text-align: center;\"><strong>EQUIPEMENT DES PLONGEURS<\/strong><\/h4>\n<p style=\"text-align: justify;\"><span style=\"font-weight: 400;\">Un d\u00e9tendeur, un bloc et une combinaison, sans oublier les palmes, le masque et tout le mat\u00e9riel de pr\u00e9l\u00e8vement et de prises de vues (appareil photo et cam\u00e9ra)&#8230;<\/span><\/p>\n<\/td>\n<td width=\"200\"><figure id=\"attachment_572\" aria-describedby=\"caption-attachment-572\" style=\"width: 300px\" class=\"wp-caption alignright\"><img loading=\"lazy\" decoding=\"async\" class=\"size-medium wp-image-572\" src=\"https:\/\/sargasses.mio.osupytheas.fr\/wp-content\/uploads\/2017\/06\/R_19991_Veyron-300x200.jpg\" alt=\"\" width=\"300\" height=\"200\" srcset=\"https:\/\/sargasses.mio.osupytheas.fr\/wp-content\/uploads\/2017\/06\/R_19991_Veyron-300x200.jpg 300w, https:\/\/sargasses.mio.osupytheas.fr\/wp-content\/uploads\/2017\/06\/R_19991_Veyron-768x512.jpg 768w, https:\/\/sargasses.mio.osupytheas.fr\/wp-content\/uploads\/2017\/06\/R_19991_Veyron-1024x683.jpg 1024w, https:\/\/sargasses.mio.osupytheas.fr\/wp-content\/uploads\/2017\/06\/R_19991_Veyron-405x270.jpg 405w\" sizes=\"auto, (max-width: 300px) 100vw, 300px\" \/><figcaption id=\"caption-attachment-572\" class=\"wp-caption-text\">\u00a9IRD RUITTON Sandrine<\/figcaption><\/figure><\/td>\n<\/tr>\n<tr>\n<td width=\"200\"><figure id=\"attachment_184\" aria-describedby=\"caption-attachment-184\" style=\"width: 300px\" class=\"wp-caption alignnone\"><img loading=\"lazy\" decoding=\"async\" class=\"size-medium wp-image-184\" src=\"https:\/\/sargasses.mio.osupytheas.fr\/wp-content\/uploads\/2017\/06\/Niskin-300x225.jpg\" alt=\"\" width=\"300\" height=\"225\" srcset=\"https:\/\/sargasses.mio.osupytheas.fr\/wp-content\/uploads\/2017\/06\/Niskin-300x225.jpg 300w, https:\/\/sargasses.mio.osupytheas.fr\/wp-content\/uploads\/2017\/06\/Niskin-768x576.jpg 768w, https:\/\/sargasses.mio.osupytheas.fr\/wp-content\/uploads\/2017\/06\/Niskin-1024x768.jpg 1024w, https:\/\/sargasses.mio.osupytheas.fr\/wp-content\/uploads\/2017\/06\/Niskin-360x270.jpg 360w\" sizes=\"auto, (max-width: 300px) 100vw, 300px\" \/><figcaption id=\"caption-attachment-184\" class=\"wp-caption-text\">\u00a9IRD BOUVY Marie<\/figcaption><\/figure><\/td>\n<td colspan=\"2\" width=\"503\">\n<h4 style=\"text-align: center;\"><strong>BOUTEILLE NISKIN DE PRELEVEMENT 18L<\/strong><\/h4>\n<p style=\"text-align: justify;\"><span style=\"font-weight: 400;\">Bouteille permettant de pr\u00e9lever de l\u2019eau dans les profondeurs, elle est reli\u00e9e au bateau par un c\u00e2ble et ferm\u00e9e gr\u00e2ce \u00e0 un objet appel\u00e9 le messager.<\/span><\/p>\n<\/td>\n<\/tr>\n<tr>\n<td colspan=\"2\" width=\"503\">\n<h4 style=\"text-align: center;\"><strong>ROSETTE DE PRELEVEMENTS<\/strong><\/h4>\n<p style=\"text-align: justify;\"><span style=\"font-weight: 400;\">Barillet portant plusieurs bouteilles Niskin, elle permet le pr\u00e9l\u00e8vement d&#8217;eau \u00e0 des profondeurs choisies, au centre on retrouve une sonde CTD (Conductivity, Temperature, Depth) qui permet d\u2019obtenir la conductivit\u00e9 (salinit\u00e9), la temp\u00e9rature ainsi que la profondeur de toute la colonne d&#8217;eau pendant la descente.<\/p>\n<\/td>\n<td width=\"200\"><figure id=\"attachment_759\" aria-describedby=\"caption-attachment-759\" style=\"width: 225px\" class=\"wp-caption alignnone\"><img loading=\"lazy\" decoding=\"async\" class=\"size-medium wp-image-759\" src=\"https:\/\/sargasses.mio.osupytheas.fr\/wp-content\/uploads\/2017\/06\/image1-225x300.jpg\" alt=\"\" width=\"225\" height=\"300\" srcset=\"https:\/\/sargasses.mio.osupytheas.fr\/wp-content\/uploads\/2017\/06\/image1-225x300.jpg 225w, https:\/\/sargasses.mio.osupytheas.fr\/wp-content\/uploads\/2017\/06\/image1-768x1024.jpg 768w, https:\/\/sargasses.mio.osupytheas.fr\/wp-content\/uploads\/2017\/06\/image1-203x270.jpg 203w, https:\/\/sargasses.mio.osupytheas.fr\/wp-content\/uploads\/2017\/06\/image1.jpg 1512w\" sizes=\"auto, (max-width: 225px) 100vw, 225px\" \/><figcaption id=\"caption-attachment-759\" class=\"wp-caption-text\">\u00a9IRD RUITTON Sandrine<\/figcaption><\/figure><\/td>\n<\/tr>\n<tr>\n<td width=\"200\"><img loading=\"lazy\" decoding=\"async\" class=\"size-medium wp-image-624 alignleft\" src=\"https:\/\/sargasses.mio.osupytheas.fr\/wp-content\/uploads\/2017\/06\/250px-Loupe_Binoculaire-1-300x300.jpg\" alt=\"\" width=\"300\" height=\"300\" srcset=\"https:\/\/sargasses.mio.osupytheas.fr\/wp-content\/uploads\/2017\/06\/250px-Loupe_Binoculaire-1-300x300.jpg 300w, https:\/\/sargasses.mio.osupytheas.fr\/wp-content\/uploads\/2017\/06\/250px-Loupe_Binoculaire-1-150x150.jpg 150w, https:\/\/sargasses.mio.osupytheas.fr\/wp-content\/uploads\/2017\/06\/250px-Loupe_Binoculaire-1-768x768.jpg 768w, https:\/\/sargasses.mio.osupytheas.fr\/wp-content\/uploads\/2017\/06\/250px-Loupe_Binoculaire-1-1024x1024.jpg 1024w, https:\/\/sargasses.mio.osupytheas.fr\/wp-content\/uploads\/2017\/06\/250px-Loupe_Binoculaire-1-270x270.jpg 270w, https:\/\/sargasses.mio.osupytheas.fr\/wp-content\/uploads\/2017\/06\/250px-Loupe_Binoculaire-1.jpg 1036w\" sizes=\"auto, (max-width: 300px) 100vw, 300px\" \/><\/td>\n<td colspan=\"2\" width=\"503\">\n<h4 style=\"text-align: center;\"><strong>MICROSCOPE STEREOSCOPIQUE<\/strong><\/h4>\n<p style=\"text-align: justify;\"><span style=\"font-weight: 400;\">Loupe binoculaire, destin\u00e9e \u00e0 une observation \u00e0 faible grossissement.<\/span><\/p>\n<\/td>\n<\/tr>\n<tr>\n<td colspan=\"2\" width=\"503\">\n<h4 style=\"text-align: center;\"><strong>FILET A PLANCTON<\/strong><\/h4>\n<p style=\"text-align: justify;\"><span style=\"font-weight: 400;\">Filet destin\u00e9 \u00e0 r\u00e9colter du plancton gr\u00e2ce \u00e0 des mailles de l&#8217;ordre de la centaine de microm\u00e8tres.<\/p>\n<\/td>\n<td width=\"200\"><figure id=\"attachment_576\" aria-describedby=\"caption-attachment-576\" style=\"width: 225px\" class=\"wp-caption alignright\"><img loading=\"lazy\" decoding=\"async\" class=\"size-medium wp-image-576\" src=\"https:\/\/sargasses.mio.osupytheas.fr\/wp-content\/uploads\/2017\/06\/Filet-plancton-225x300.jpg\" alt=\"\" width=\"225\" height=\"300\" srcset=\"https:\/\/sargasses.mio.osupytheas.fr\/wp-content\/uploads\/2017\/06\/Filet-plancton-225x300.jpg 225w, https:\/\/sargasses.mio.osupytheas.fr\/wp-content\/uploads\/2017\/06\/Filet-plancton-768x1024.jpg 768w, https:\/\/sargasses.mio.osupytheas.fr\/wp-content\/uploads\/2017\/06\/Filet-plancton-203x270.jpg 203w\" sizes=\"auto, (max-width: 225px) 100vw, 225px\" \/><figcaption id=\"caption-attachment-576\" class=\"wp-caption-text\">\u00a9IRD RUITTON Sandrine<\/figcaption><\/figure>\n<\/td>\n<\/tr>\n<tr>\n<td width=\"200\"><img loading=\"lazy\" decoding=\"async\" class=\"size-medium wp-image-625 alignright\" src=\"https:\/\/sargasses.mio.osupytheas.fr\/wp-content\/uploads\/2017\/06\/DRONE-300x262.jpg\" alt=\"\" width=\"300\" height=\"262\" srcset=\"https:\/\/sargasses.mio.osupytheas.fr\/wp-content\/uploads\/2017\/06\/DRONE-300x262.jpg 300w, https:\/\/sargasses.mio.osupytheas.fr\/wp-content\/uploads\/2017\/06\/DRONE-309x270.jpg 309w, https:\/\/sargasses.mio.osupytheas.fr\/wp-content\/uploads\/2017\/06\/DRONE.jpg 630w\" sizes=\"auto, (max-width: 300px) 100vw, 300px\" \/><\/td>\n<td colspan=\"2\" width=\"503\">\n<h4 style=\"text-align: center;\"><strong>DRONE<\/strong><\/h4>\n<p style=\"text-align: justify;\"><span style=\"font-weight: 400;\">Permet d\u2019effectuer des prises de vues (photos et vid\u00e9os) a\u00e9riennes en survolant les radeaux de Sargasses et l\u2019Antea, ainsi que le travail effectu\u00e9 en mer par les scientifiques. Les images serviront \u00e0 la r\u00e9alisation d&#8217;un film r\u00e9alis\u00e9 par <a href=\"https:\/\/sargasses.mio.osupytheas.fr\/index.php\/equipage\/\">Hubert BATAILLE<\/a>.<\/span><\/p>\n<\/td>\n<\/tr>\n<tr>\n<td colspan=\"2\" width=\"503\">\n<h4 style=\"text-align: center;\"><strong>DIVING-PAM<\/strong><\/h4>\n<p style=\"text-align: justify;\"><span style=\"font-weight: 400;\">Instrument unique au monde permettant d\u2019\u00e9tudier la photosynth\u00e8se des algues <em>in-situ<\/em> c\u2019est-\u00e0-dire dans le milieu.<\/p>\n<\/td>\n<td width=\"200\"><strong><img loading=\"lazy\" decoding=\"async\" class=\"size-medium wp-image-626\" src=\"https:\/\/sargasses.mio.osupytheas.fr\/wp-content\/uploads\/2017\/06\/PAM-300x116.jpg\" alt=\"\" width=\"300\" height=\"116\" srcset=\"https:\/\/sargasses.mio.osupytheas.fr\/wp-content\/uploads\/2017\/06\/PAM-300x116.jpg 300w, https:\/\/sargasses.mio.osupytheas.fr\/wp-content\/uploads\/2017\/06\/PAM-604x233.jpg 604w, https:\/\/sargasses.mio.osupytheas.fr\/wp-content\/uploads\/2017\/06\/PAM.jpg 654w\" sizes=\"auto, (max-width: 300px) 100vw, 300px\" \/><\/strong>[\n<\/td>\n<\/tr>\n<tr>\n<td width=\"200\"><img loading=\"lazy\" decoding=\"async\" class=\"size-medium wp-image-625 alignright\" src=\"https:\/\/sargasses.mio.osupytheas.fr\/wp-content\/uploads\/2017\/10\/echantillonneur-fixe\u0301-sur-la-coque_photo-Dorian-Guillemain-1-e1507505947280.jpg\" alt=\"\" width=\"300\" height=\"262\" \/><\/td>\n<td colspan=\"2\" width=\"503\">\n<h4 style=\"text-align: center;\"><strong>ECHANTILLONNEUR PASSIF<\/strong><\/h4>\n<p style=\"text-align: justify;\"><span style=\"font-weight: 400;\">Fix\u00e9 \u00e0 la coque du bateau il capte les contaminants dissous dans l\u2019eau de mer tout au long de la travers\u00e9e. Cet appareil est muni de 2 types de capteurs passifs : des PDMS (Poly Dim\u00e9thyl Siloxane) et des POCIS (Polar Organic Chemical Integrative Sample). Tous s&#8217;impr\u00e8gnent d\u2019\u00e9l\u00e9ments chimiques diff\u00e9rents qui sont pr\u00e9sents dans l\u2019eau. Ces capteurs sont sp\u00e9cialis\u00e9s dans les polluants organiques. <\/p>\n<\/td>\n<\/tr>\n<\/tbody>\n<\/table>\n<h4 style=\"text-align: center;\"><strong>UN CONGELATEUR (200 L)<\/strong><\/h4>\n<p style=\"text-align: justify;\"><span style=\"font-weight: 400;\">Permet de stocker les \u00e9chantillons d\u2019eau recueillies gr\u00e2ce aux bouteilles Niskin.<\/span><\/p>\n<p><\/p>\n<h4 style=\"text-align: center;\"><strong>SONDEUR ACOUSTIQUE<\/strong><\/h4>\n<p style=\"text-align: justify;\"><span style=\"font-weight: 400;\">Appareil utilis\u00e9 pour mesurer la profondeur. Elle est d\u00e9duite de la mesure du temps de trajet d&#8217;un signal acoustique r\u00e9fl\u00e9chi par le fond.<\/p>\n<p><\/p>\n<h4 style=\"text-align: center;\"><strong>ZODIAC<\/strong><\/h4>\n<p style=\"text-align: justify;\"><span style=\"font-weight: 400;\">Petite embarcation rapide et facile \u00e0 diriger pour se d\u00e9placer autour du bateau afin d\u2019assurer la s\u00e9curit\u00e9 des plongeurs ainsi que les mesures <em>in-situ<\/em> dans les radeaux de Sargasses.<\/span><\/p>\n<p><\/p>\n","protected":false},"excerpt":{"rendered":"<p>Partir en mer c\u2019est une chose, mais encore faut-il \u00eatre \u00e9quip\u00e9. Un petit aper\u00e7u du kit du parfait oc\u00e9anographe qui partira en qu\u00eate de savoir sur les Sargasses lors de cette formidable exp\u00e9dition scientifique. EQUIPEMENT DES PLONGEURS Un d\u00e9tendeur, un bloc et une combinaison, sans oublier les palmes, le masque et tout le mat\u00e9riel de pr\u00e9l\u00e8vement et de prises de vues (appareil photo et cam\u00e9ra)&#8230; BOUTEILLE NISKIN DE PRELEVEMENT 18L Bouteille permettant de pr\u00e9lever de l\u2019eau dans les profondeurs, elle&#8230;<\/p>\n<p class=\"read-more\"><a class=\"btn btn-default\" href=\"https:\/\/sargasses.mio.osupytheas.fr\/?page_id=31\">Lire la suite<span class=\"screen-reader-text\"> Lire la suite<\/span><\/a><\/p>\n","protected":false},"author":6,"featured_media":0,"parent":0,"menu_order":0,"comment_status":"closed","ping_status":"closed","template":"","meta":{"footnotes":""},"class_list":["post-31","page","type-page","status-publish","hentry"],"jetpack_sharing_enabled":true,"jetpack_shortlink":"https:\/\/wp.me\/P9eHwp-v","_links":{"self":[{"href":"https:\/\/sargasses.mio.osupytheas.fr\/index.php?rest_route=\/wp\/v2\/pages\/31","targetHints":{"allow":["GET"]}}],"collection":[{"href":"https:\/\/sargasses.mio.osupytheas.fr\/index.php?rest_route=\/wp\/v2\/pages"}],"about":[{"href":"https:\/\/sargasses.mio.osupytheas.fr\/index.php?rest_route=\/wp\/v2\/types\/page"}],"author":[{"embeddable":true,"href":"https:\/\/sargasses.mio.osupytheas.fr\/index.php?rest_route=\/wp\/v2\/users\/6"}],"replies":[{"embeddable":true,"href":"https:\/\/sargasses.mio.osupytheas.fr\/index.php?rest_route=%2Fwp%2Fv2%2Fcomments&post=31"}],"version-history":[{"count":31,"href":"https:\/\/sargasses.mio.osupytheas.fr\/index.php?rest_route=\/wp\/v2\/pages\/31\/revisions"}],"predecessor-version":[{"id":1508,"href":"https:\/\/sargasses.mio.osupytheas.fr\/index.php?rest_route=\/wp\/v2\/pages\/31\/revisions\/1508"}],"wp:attachment":[{"href":"https:\/\/sargasses.mio.osupytheas.fr\/index.php?rest_route=%2Fwp%2Fv2%2Fmedia&parent=31"}],"curies":[{"name":"wp","href":"https:\/\/api.w.org\/{rel}","templated":true}]}}