{"id":301,"date":"2017-06-09T14:54:54","date_gmt":"2017-06-09T12:54:54","guid":{"rendered":"https:\/\/sargasses.mio.osupytheas.fr\/?page_id=301"},"modified":"2017-10-19T18:34:14","modified_gmt":"2017-10-19T16:34:14","slug":"la-carte","status":"publish","type":"page","link":"https:\/\/sargasses.mio.osupytheas.fr\/?page_id=301","title":{"rendered":"Expedition Cara\u00efbes"},"content":{"rendered":"<p><em>Vous n&#8217;avez jamais pris la mer ? Vous n&#8217;avez pas le sens de l&#8217;orientation ? Vous voulez savoir o\u00f9 nous sommes en temps r\u00e9el ? Notre carte interactive est l\u00e0 pour \u00e7a !<\/em><\/p>\n<p>Suivez ici nos aventures aux gr\u00e9 de notre p\u00e9riple sur les flots carib\u00e9ens. Les points mat\u00e9rialis\u00e9s par les marqueurs correspondent aux\u00a0stations de notre mission. Cliquez dessus pour d\u00e9couvrir\u00a0ce que nous avons fait \u00e0 cet endroit.<\/p>\n<p>[put_wpgm id=2]<\/p>\n","protected":false},"excerpt":{"rendered":"<p>Vous n&#8217;avez jamais pris la mer ? Vous n&#8217;avez pas le sens de l&#8217;orientation ? Vous voulez savoir o\u00f9 nous sommes en temps r\u00e9el ? Notre carte interactive est l\u00e0 pour \u00e7a ! Suivez ici nos aventures aux gr\u00e9 de notre p\u00e9riple sur les flots carib\u00e9ens. Les points mat\u00e9rialis\u00e9s par les marqueurs correspondent aux\u00a0stations de notre mission. Cliquez dessus pour d\u00e9couvrir\u00a0ce que nous avons fait \u00e0 cet endroit. [put_wpgm id=2]<\/p>\n","protected":false},"author":6,"featured_media":0,"parent":0,"menu_order":0,"comment_status":"closed","ping_status":"closed","template":"","meta":{"jetpack_post_was_ever_published":false,"footnotes":""},"class_list":["post-301","page","type-page","status-publish","hentry"],"jetpack_sharing_enabled":true,"jetpack_shortlink":"https:\/\/wp.me\/P9eHwp-4R","_links":{"self":[{"href":"https:\/\/sargasses.mio.osupytheas.fr\/index.php?rest_route=\/wp\/v2\/pages\/301","targetHints":{"allow":["GET"]}}],"collection":[{"href":"https:\/\/sargasses.mio.osupytheas.fr\/index.php?rest_route=\/wp\/v2\/pages"}],"about":[{"href":"https:\/\/sargasses.mio.osupytheas.fr\/index.php?rest_route=\/wp\/v2\/types\/page"}],"author":[{"embeddable":true,"href":"https:\/\/sargasses.mio.osupytheas.fr\/index.php?rest_route=\/wp\/v2\/users\/6"}],"replies":[{"embeddable":true,"href":"https:\/\/sargasses.mio.osupytheas.fr\/index.php?rest_route=%2Fwp%2Fv2%2Fcomments&post=301"}],"version-history":[{"count":11,"href":"https:\/\/sargasses.mio.osupytheas.fr\/index.php?rest_route=\/wp\/v2\/pages\/301\/revisions"}],"predecessor-version":[{"id":1763,"href":"https:\/\/sargasses.mio.osupytheas.fr\/index.php?rest_route=\/wp\/v2\/pages\/301\/revisions\/1763"}],"wp:attachment":[{"href":"https:\/\/sargasses.mio.osupytheas.fr\/index.php?rest_route=%2Fwp%2Fv2%2Fmedia&parent=301"}],"curies":[{"name":"wp","href":"https:\/\/api.w.org\/{rel}","templated":true}]}}