{"id":1423,"date":"2017-10-05T19:06:35","date_gmt":"2017-10-05T17:06:35","guid":{"rendered":"https:\/\/sargasses.mio.osupytheas.fr\/?page_id=1423"},"modified":"2017-11-01T02:37:44","modified_gmt":"2017-11-01T01:37:44","slug":"expedition-i-la-mission","status":"publish","type":"page","link":"https:\/\/sargasses.mio.osupytheas.fr\/?page_id=1423","title":{"rendered":"Expedition Cara\u00efbes"},"content":{"rendered":"<p><strong>Les scientifiques du MIO (Institut M\u00e9diterran\u00e9en d\u2019Oc\u00e9anographie) prennent le large en ce mois de juin (du 19 juin au 13 juillet 2017) en direction des Cara\u00efbes sous la responsabilit\u00e9 de <a href=\"https:\/\/sargasses.mio.osupytheas.fr\/?page_id=25&amp;preview_id=25&amp;preview_nonce=50971b9504&amp;_thumbnail_id=-1&amp;preview=true\">Thierry THIBAUT<\/a> qui coordonne les projets de recherche li\u00e9s aux Sargasses au sein du MIO. L\u2019objectif de la mission est de comprendre les m\u00e9canismes qui sont \u00e0 l\u2019origine de la prolif\u00e9ration d\u2019une algue brune envahissante, la Sargasse.<\/strong><\/p>\n<p>Le navire oc\u00e9anographique de l\u2019IRD, l\u2019Ant\u00e9a, a sillonn\u00e9 pendant un mois l\u2019Atlantique tropical Ouest \u00e0 la rencontre d\u2019une esp\u00e8ce particuli\u00e8re <em>Sargassum natans<\/em>, ces radeaux flottants de Sargasses se d\u00e9veloppent actuellement en haute mer, entre Cayenne (Guyane) et Pointe-\u00e0- Pitre (Guadeloupe). Guid\u00e9e gr\u00e2ce aux images satellites, une \u00e9quipe de scientifiques pluridisciplinaire s\u2019est rendu sur place pour r\u00e9aliser des mesures et des pr\u00e9l\u00e8vements en vue d\u2019identifier les processus qui sont \u00e0 l\u2019origine de la prolif\u00e9ration de cette \u00ab\u00a0Nouvelle Mer des Sargasses\u00a0\u00bb et d\u2019\u00e9tudier les cons\u00e9quences sur l\u2019\u00e9cosyst\u00e8me p\u00e9lagique.<\/p>\n<p>Les scientifiques ont r\u00e9colt\u00e9 en plong\u00e9e des \u00e9chantillons biologiques n\u00e9cessaires pour identifier les esp\u00e8ces de Sargasses impliqu\u00e9es. Ainsi, ils pourront d\u00e9terminer quelle est la composition du g\u00e9nome de ces algues, mais aussi celui des esp\u00e8ces qui vivent au sein des radeaux de Sargasses. L\u2019\u00e9tude de la faune des\u00a0radeaux permettra aussi de mieux comprendre la cha\u00eene alimentaire de cet \u00e9cosyst\u00e8me, et de savoir si ces radeaux attirent beaucoup de poissons. Les chercheurs vont enfin essayer\u00a0de comprendre les m\u00e9canismes physiologiques des Sargasses qui varient en fonction des param\u00e8tres environnementaux.<\/p>\n","protected":false},"excerpt":{"rendered":"<p>Les scientifiques du MIO (Institut M\u00e9diterran\u00e9en d\u2019Oc\u00e9anographie) prennent le large en ce mois de juin (du 19 juin au 13 juillet 2017) en direction des Cara\u00efbes sous la responsabilit\u00e9 de Thierry THIBAUT qui coordonne les projets de recherche li\u00e9s aux Sargasses au sein du MIO. L\u2019objectif de la mission est de comprendre les m\u00e9canismes qui sont \u00e0 l\u2019origine de la prolif\u00e9ration d\u2019une algue brune envahissante, la Sargasse. Le navire oc\u00e9anographique de l\u2019IRD, l\u2019Ant\u00e9a, a sillonn\u00e9 pendant un mois l\u2019Atlantique tropical&#8230;<\/p>\n<p class=\"read-more\"><a class=\"btn btn-default\" href=\"https:\/\/sargasses.mio.osupytheas.fr\/?page_id=1423\">Lire la suite<span class=\"screen-reader-text\"> Lire la suite<\/span><\/a><\/p>\n","protected":false},"author":5,"featured_media":0,"parent":33,"menu_order":0,"comment_status":"closed","ping_status":"closed","template":"","meta":{"footnotes":""},"class_list":["post-1423","page","type-page","status-publish","hentry"],"jetpack_sharing_enabled":true,"jetpack_shortlink":"https:\/\/wp.me\/P9eHwp-mX","_links":{"self":[{"href":"https:\/\/sargasses.mio.osupytheas.fr\/index.php?rest_route=\/wp\/v2\/pages\/1423","targetHints":{"allow":["GET"]}}],"collection":[{"href":"https:\/\/sargasses.mio.osupytheas.fr\/index.php?rest_route=\/wp\/v2\/pages"}],"about":[{"href":"https:\/\/sargasses.mio.osupytheas.fr\/index.php?rest_route=\/wp\/v2\/types\/page"}],"author":[{"embeddable":true,"href":"https:\/\/sargasses.mio.osupytheas.fr\/index.php?rest_route=\/wp\/v2\/users\/5"}],"replies":[{"embeddable":true,"href":"https:\/\/sargasses.mio.osupytheas.fr\/index.php?rest_route=%2Fwp%2Fv2%2Fcomments&post=1423"}],"version-history":[{"count":6,"href":"https:\/\/sargasses.mio.osupytheas.fr\/index.php?rest_route=\/wp\/v2\/pages\/1423\/revisions"}],"predecessor-version":[{"id":1999,"href":"https:\/\/sargasses.mio.osupytheas.fr\/index.php?rest_route=\/wp\/v2\/pages\/1423\/revisions\/1999"}],"up":[{"embeddable":true,"href":"https:\/\/sargasses.mio.osupytheas.fr\/index.php?rest_route=\/wp\/v2\/pages\/33"}],"wp:attachment":[{"href":"https:\/\/sargasses.mio.osupytheas.fr\/index.php?rest_route=%2Fwp%2Fv2%2Fmedia&parent=1423"}],"curies":[{"name":"wp","href":"https:\/\/api.w.org\/{rel}","templated":true}]}}