{"id":1390,"date":"2017-10-01T13:10:03","date_gmt":"2017-10-01T11:10:03","guid":{"rendered":"https:\/\/sargasses.mio.osupytheas.fr\/?page_id=1390"},"modified":"2017-11-01T02:47:38","modified_gmt":"2017-11-01T01:47:38","slug":"expedition-ii-la-mission","status":"publish","type":"page","link":"https:\/\/sargasses.mio.osupytheas.fr\/?page_id=1390","title":{"rendered":"Expedition Transatlantique"},"content":{"rendered":"<p><strong>Du 5 au 23 octobre 2017, l\u2019aventure Sargasses se prolonge avec une transatlantique du Cap-Vert vers la Martinique suivant la grande circulation oc\u00e9anique. Cette fois-ci c&#8217;est Thomas CHANGEUX le responsable, cependant, \u00e0 terre? Thierry THIBAUT coordonne toujours les projets de recherche li\u00e9s aux Sargasses au sein du MIO. Cette nouvelle exp\u00e9dition a pour but de compl\u00e9ter les observations et les \u00e9chantillons sur les sargasses, leur environnement et les esp\u00e8ces associ\u00e9es.<\/strong><\/p>\n<p>Alors qu\u2019au laboratoire les \u00e9chantillons de la premi\u00e8re exp\u00e9dition viennent \u00e0 peine d&#8217;arriver de Pointe-\u00e0-Pitre, les premi\u00e8res analyses ont commenc\u00e9. Une opportunit\u00e9 inattendue s\u2019est pr\u00e9sent\u00e9e aux scientifiques du MIO (Mediterranean Institute of Oceanography), avec la possibilit\u00e9 de participer \u00e0 une transatlantique organis\u00e9e par \u00ab Monaco exploration \u00bb sur le navire Yersin. Une \u00e9quipe plus r\u00e9duite que lors de la premi\u00e8re exp\u00e9dition, mais avec quatre nouveaux membres, aura l\u2019occasion de tester les premi\u00e8res hypoth\u00e8ses issues de la mission de cet \u00e9t\u00e9 et d\u2019\u00e9tendre les investigations aux particules a\u00e9rosols, ainsi qu\u2019aux contaminants organiques \u00e9mergents, aux micro-plastiques et \u00e0 leurs relations avec les sargasses. On suppose en effet que ces algues concentrent les contaminants, qui pourraient ensuite \u00eatre v\u00e9hicul\u00e9s vers les c\u00f4tes.<\/p>\n<p><img loading=\"lazy\" decoding=\"async\" class=\"size-medium wp-image-1502 aligncenter\" src=\"https:\/\/sargasses.mio.osupytheas.fr\/wp-content\/uploads\/2017\/10\/Monaco-Explorations-EN-logo-300x300.png\" alt=\"\" width=\"300\" height=\"300\" srcset=\"https:\/\/sargasses.mio.osupytheas.fr\/wp-content\/uploads\/2017\/10\/Monaco-Explorations-EN-logo-300x300.png 300w, https:\/\/sargasses.mio.osupytheas.fr\/wp-content\/uploads\/2017\/10\/Monaco-Explorations-EN-logo-150x150.png 150w, https:\/\/sargasses.mio.osupytheas.fr\/wp-content\/uploads\/2017\/10\/Monaco-Explorations-EN-logo-768x768.png 768w, https:\/\/sargasses.mio.osupytheas.fr\/wp-content\/uploads\/2017\/10\/Monaco-Explorations-EN-logo-270x270.png 270w, https:\/\/sargasses.mio.osupytheas.fr\/wp-content\/uploads\/2017\/10\/Monaco-Explorations-EN-logo.png 1024w\" sizes=\"auto, (max-width: 300px) 100vw, 300px\" \/><\/p>\n<p>&nbsp;<\/p>\n","protected":false},"excerpt":{"rendered":"<p>Du 5 au 23 octobre 2017, l\u2019aventure Sargasses se prolonge avec une transatlantique du Cap-Vert vers la Martinique suivant la grande circulation oc\u00e9anique. Cette fois-ci c&#8217;est Thomas CHANGEUX le responsable, cependant, \u00e0 terre? Thierry THIBAUT coordonne toujours les projets de recherche li\u00e9s aux Sargasses au sein du MIO. Cette nouvelle exp\u00e9dition a pour but de compl\u00e9ter les observations et les \u00e9chantillons sur les sargasses, leur environnement et les esp\u00e8ces associ\u00e9es. Alors qu\u2019au laboratoire les \u00e9chantillons de la premi\u00e8re exp\u00e9dition viennent&#8230;<\/p>\n<p class=\"read-more\"><a class=\"btn btn-default\" href=\"https:\/\/sargasses.mio.osupytheas.fr\/?page_id=1390\">Lire la suite<span class=\"screen-reader-text\"> Lire la suite<\/span><\/a><\/p>\n","protected":false},"author":5,"featured_media":0,"parent":33,"menu_order":0,"comment_status":"closed","ping_status":"closed","template":"","meta":{"jetpack_post_was_ever_published":false,"footnotes":""},"class_list":["post-1390","page","type-page","status-publish","hentry"],"jetpack_sharing_enabled":true,"jetpack_shortlink":"https:\/\/wp.me\/P9eHwp-mq","_links":{"self":[{"href":"https:\/\/sargasses.mio.osupytheas.fr\/index.php?rest_route=\/wp\/v2\/pages\/1390","targetHints":{"allow":["GET"]}}],"collection":[{"href":"https:\/\/sargasses.mio.osupytheas.fr\/index.php?rest_route=\/wp\/v2\/pages"}],"about":[{"href":"https:\/\/sargasses.mio.osupytheas.fr\/index.php?rest_route=\/wp\/v2\/types\/page"}],"author":[{"embeddable":true,"href":"https:\/\/sargasses.mio.osupytheas.fr\/index.php?rest_route=\/wp\/v2\/users\/5"}],"replies":[{"embeddable":true,"href":"https:\/\/sargasses.mio.osupytheas.fr\/index.php?rest_route=%2Fwp%2Fv2%2Fcomments&post=1390"}],"version-history":[{"count":9,"href":"https:\/\/sargasses.mio.osupytheas.fr\/index.php?rest_route=\/wp\/v2\/pages\/1390\/revisions"}],"predecessor-version":[{"id":2008,"href":"https:\/\/sargasses.mio.osupytheas.fr\/index.php?rest_route=\/wp\/v2\/pages\/1390\/revisions\/2008"}],"up":[{"embeddable":true,"href":"https:\/\/sargasses.mio.osupytheas.fr\/index.php?rest_route=\/wp\/v2\/pages\/33"}],"wp:attachment":[{"href":"https:\/\/sargasses.mio.osupytheas.fr\/index.php?rest_route=%2Fwp%2Fv2%2Fmedia&parent=1390"}],"curies":[{"name":"wp","href":"https:\/\/api.w.org\/{rel}","templated":true}]}}